{"id":761,"date":"2019-07-16T20:02:02","date_gmt":"2019-07-16T18:02:02","guid":{"rendered":"https:\/\/oskarsguld.se\/?page_id=761"},"modified":"2019-07-18T11:26:30","modified_gmt":"2019-07-18T09:26:30","slug":"guldsmedsverkstad","status":"publish","type":"page","link":"https:\/\/oskarsguld.se\/index.php\/guldsmedsverkstad\/","title":{"rendered":"Guldsmedsverkstad"},"content":{"rendered":"<section class=\"wpb-content-wrapper\"><p>[vc_row][vc_column][vc_column_text]<\/p>\n<h1>Egen Verkstad<\/h1>\n<p>Med egen verkstad \u00e4r m\u00f6jligheterna o\u00e4ndliga. Vi utf\u00f6r reparationer, omarbetningar och nytillverkningar.<\/p>\n<p>Du kanske har en id\u00e9 om ett smycke som du vill f\u00f6rverkliga? Vi tar dina id\u00e9er och presenterar dig konkreta f\u00f6rslag.[\/vc_column_text][\/vc_column][\/vc_row]<\/p>\n<\/section>","protected":false},"excerpt":{"rendered":"<p>[vc_row][vc_column][vc_column_text] Egen Verkstad Med egen verkstad \u00e4r m\u00f6jligheterna o\u00e4ndliga. Vi utf\u00f6r &#8230; <\/p>\n","protected":false},"author":2,"featured_media":0,"parent":0,"menu_order":0,"comment_status":"closed","ping_status":"closed","template":"","meta":[],"_links":{"self":[{"href":"https:\/\/oskarsguld.se\/index.php\/wp-json\/wp\/v2\/pages\/761"}],"collection":[{"href":"https:\/\/oskarsguld.se\/index.php\/wp-json\/wp\/v2\/pages"}],"about":[{"href":"https:\/\/oskarsguld.se\/index.php\/wp-json\/wp\/v2\/types\/page"}],"author":[{"embeddable":true,"href":"https:\/\/oskarsguld.se\/index.php\/wp-json\/wp\/v2\/users\/2"}],"replies":[{"embeddable":true,"href":"https:\/\/oskarsguld.se\/index.php\/wp-json\/wp\/v2\/comments?post=761"}],"version-history":[{"count":3,"href":"https:\/\/oskarsguld.se\/index.php\/wp-json\/wp\/v2\/pages\/761\/revisions"}],"predecessor-version":[{"id":951,"href":"https:\/\/oskarsguld.se\/index.php\/wp-json\/wp\/v2\/pages\/761\/revisions\/951"}],"wp:attachment":[{"href":"https:\/\/oskarsguld.se\/index.php\/wp-json\/wp\/v2\/media?parent=761"}],"curies":[{"name":"wp","href":"https:\/\/api.w.org\/{rel}","templated":true}]}}