{"id":749,"date":"2019-07-16T19:59:13","date_gmt":"2019-07-16T17:59:13","guid":{"rendered":"https:\/\/oskarsguld.se\/?page_id=749"},"modified":"2023-01-26T15:31:36","modified_gmt":"2023-01-26T13:31:36","slug":"salj-ditt-guld","status":"publish","type":"page","link":"https:\/\/oskarsguld.se\/index.php\/salj-ditt-guld\/","title":{"rendered":"S\u00e4lj ditt guld"},"content":{"rendered":"<section class=\"wpb-content-wrapper\"><p>[vc_row][vc_column width=&#8221;1\/2&#8243;]<div id=\"cz_30804\" class=\"cz_30804 cz_title clr cz_title_pos_inline\"><div class=\"cz_title_content\"><div class=\"cz_wpe_content\"><h3>S\u00e4lj ditt guld<\/h3>\n<\/div><\/div><\/div><div class=\"cz_gap clr \" style=\"height: 50px\"><\/div><div id=\"cz_79349\" class=\"cz_79349 cz_tabs clr cz_tabs_htl cz_tabs_blur cz_tabs_on_hover\"><div class=\"cz_tabs_content\"><a class=\"cz_tab_a hide\" data-tab=\"cz_46047\" href=\"#\"><span class=\"cz_tab_in_title\">24K<\/span><\/a><div id=\"cz_46047\" class=\"cz_tab\"><div>[vc_column_text]<\/p>\n<h1>597kr<\/h1>\n<p>[\/vc_column_text]<\/div><\/div><a class=\"cz_tab_a hide\" data-tab=\"cz_88965\" href=\"#\"><span class=\"cz_tab_in_title\">21K<\/span><\/a><div id=\"cz_88965\" class=\"cz_tab\"><div>[vc_column_text]<\/p>\n<h1>480kr<\/h1>\n<p>[\/vc_column_text]<\/div><\/div><a class=\"cz_tab_a hide\" data-tab=\"cz_54852\" href=\"#\"><span class=\"cz_tab_in_title\">18K<\/span><\/a><div id=\"cz_54852\" class=\"cz_tab\"><div>[vc_column_text]<\/p>\n<h1>415kr<\/h1>\n<p>[\/vc_column_text]<\/div><\/div><a class=\"cz_tab_a hide\" data-tab=\"cz_85900\" href=\"#\"><span class=\"cz_tab_in_title\">14K<\/span><\/a><div id=\"cz_85900\" class=\"cz_tab\"><div>[vc_column_text]<\/p>\n<h1>323kr<\/h1>\n<p>[\/vc_column_text]<\/div><\/div><\/div><\/div><div class=\"cz_gap clr \" style=\"height: 50px\"><\/div><div id=\"cz_77055\" class=\"cz_77055 cz_title clr cz_title_pos_inline\"><div class=\"cz_title_content\"><div class=\"cz_wpe_content\"><h4><span style=\"color: #b2b2b2;\">D\u00e4rf\u00f6r ska du v\u00e4lja Oskar&#8217;s Guld<\/span><\/h4>\n<\/div><\/div><\/div><div class=\"cz_gap clr \" style=\"height: 50px\"><\/div><ul id=\"cz_21515\" class=\"cz_21515 cz_stylish_list clr cz_sl_icon_hover_zoom_in\"><li class=\"clr\"><div class=\"cz_sl_icon\"><i class=\"fa czico-072-check-mark mr10\"><\/i><\/div><div><span>Inga avgifter, fri frakt och fri f\u00f6rs\u00e4kring!<\/span><\/div><\/li><li class=\"clr\"><div class=\"cz_sl_icon\"><i class=\"fa czico-072-check-mark mr10\"><\/i><\/div><div><span>Vi ger dig h\u00f6gst pris n\u00e4r du skickar med v\u00e4ndande post!<\/span><\/div><\/li><li class=\"clr\"><div class=\"cz_sl_icon\"><i class=\"fa czico-072-check-mark mr10\"><\/i><\/div><div><span>Certifierade & kontrollerade guldv\u00e5gar<\/span><\/div><\/li><\/ul><div class=\"cz_gap clr \" style=\"height: 50px\"><\/div><div id=\"cz_56342\" class=\"cz_56342 cz_title clr cz_title_pos_inline\"><div class=\"cz_title_content\"><div class=\"cz_wpe_content\"><h4><span style=\"color: #b2b2b2;\">S\u00e5 fungerar det<\/span><\/h4>\n<\/div><\/div><\/div><div class=\"cz_gap clr \" style=\"height: 50px\"><\/div><ul id=\"cz_19425\" class=\"cz_19425 cz_stylish_list clr cz_sl_icon_hover_zoom_in\"><li class=\"clr\"><div class=\"cz_sl_icon\"><i class=\"fa czico-137-play-button-2 mr10\"><\/i><\/div><div><span>Best\u00e4ll ett kostnadsfritt brev<\/span><\/div><\/li><li class=\"clr\"><div class=\"cz_sl_icon\"><i class=\"fa czico-137-play-button-2 mr10\"><\/i><\/div><div><span>Skicka ditt guld till oss<\/span><\/div><\/li><li class=\"clr\"><div class=\"cz_sl_icon\"><i class=\"fa czico-137-play-button-2 mr10\"><\/i><\/div><div><span>Guldet v\u00e4rderas noggrant<\/span><\/div><\/li><li class=\"clr\"><div class=\"cz_sl_icon\"><i class=\"fa czico-137-play-button-2 mr10\"><\/i><\/div><div><span>Inom 24 timmar betalas dina pengar ut<\/span><\/div><\/li><\/ul>[\/vc_column][vc_column width=&#8221;1\/2&#8243;][vc_single_image image=&#8221;854&#8243; img_size=&#8221;medium&#8221;]<div class=\"cz_gap clr \" style=\"height: 75px\"><\/div>[vc_column_text]<div class=\"wpforms-container wpforms-container-full\" id=\"wpforms-832\"><form id=\"wpforms-form-832\" class=\"wpforms-validate wpforms-form\" data-formid=\"832\" method=\"post\" enctype=\"multipart\/form-data\" action=\"\/index.php\/wp-json\/wp\/v2\/pages\/749\" data-token=\"6fcab401c3803c84cbe96b6ae284b3b7\"><noscript class=\"wpforms-error-noscript\">Aktivera JavaScript i din webbl\u00e4sare f\u00f6r att slutf\u00f6ra detta formul\u00e4r.<\/noscript><div class=\"wpforms-field-container\"><div id=\"wpforms-832-field_1-container\" class=\"wpforms-field wpforms-field-text\" data-field-id=\"1\"><label class=\"wpforms-field-label\" for=\"wpforms-832-field_1\">F\u00f6r -och efternamn <span class=\"wpforms-required-label\">*<\/span><\/label><input type=\"text\" id=\"wpforms-832-field_1\" class=\"wpforms-field-medium wpforms-field-required\" name=\"wpforms[fields][1]\" required><\/div><div id=\"wpforms-832-field_2-container\" class=\"wpforms-field wpforms-field-number\" data-field-id=\"2\"><label class=\"wpforms-field-label\" for=\"wpforms-832-field_2\">Personnummer (\u00e5\u00e5mmddxxxx) <span class=\"wpforms-required-label\">*<\/span><\/label><input type=\"number\" pattern=\"\\d*\" id=\"wpforms-832-field_2\" class=\"wpforms-field-medium wpforms-field-required\" name=\"wpforms[fields][2]\" required><\/div><div id=\"wpforms-832-field_3-container\" class=\"wpforms-field wpforms-field-number\" data-field-id=\"3\"><label class=\"wpforms-field-label\" for=\"wpforms-832-field_3\">Telefonnummer <span class=\"wpforms-required-label\">*<\/span><\/label><input type=\"number\" pattern=\"\\d*\" id=\"wpforms-832-field_3\" class=\"wpforms-field-medium wpforms-field-required\" name=\"wpforms[fields][3]\" required><\/div><div id=\"wpforms-832-field_4-container\" class=\"wpforms-field wpforms-field-email\" data-field-id=\"4\"><label class=\"wpforms-field-label\" for=\"wpforms-832-field_4\">E-post <span class=\"wpforms-required-label\">*<\/span><\/label><input type=\"email\" id=\"wpforms-832-field_4\" class=\"wpforms-field-medium wpforms-field-required\" name=\"wpforms[fields][4]\" required><\/div><\/div><div class=\"wpforms-field wpforms-field-hp\"><label for=\"wpforms-832-field-hp\" class=\"wpforms-field-label\">Comment<\/label><input type=\"text\" name=\"wpforms[hp]\" id=\"wpforms-832-field-hp\" class=\"wpforms-field-medium\"><\/div><div class=\"wpforms-submit-container\"><input type=\"hidden\" name=\"wpforms[id]\" value=\"832\"><input type=\"hidden\" name=\"wpforms[author]\" value=\"2\"><button type=\"submit\" name=\"wpforms[submit]\" id=\"wpforms-submit-832\" class=\"wpforms-submit\" data-alt-text=\"Skickar...\" data-submit-text=\"Skicka\" aria-live=\"assertive\" value=\"wpforms-submit\">Skicka<\/button><\/div><\/form><\/div>  <!-- .wpforms-container -->[\/vc_column_text][\/vc_column][\/vc_row]<\/p>\n<\/section>","protected":false},"excerpt":{"rendered":"<p>[vc_row][vc_column width=&#8221;1\/2&#8243;][\/vc_column][vc_column width=&#8221;1\/2&#8243;][vc_single_image image=&#8221;854&#8243; img_size=&#8221;medium&#8221;][vc_column_text][\/vc_column_text][\/vc_column][\/vc_row] &#8230; <\/p>\n","protected":false},"author":2,"featured_media":0,"parent":0,"menu_order":0,"comment_status":"closed","ping_status":"closed","template":"","meta":[],"_links":{"self":[{"href":"https:\/\/oskarsguld.se\/index.php\/wp-json\/wp\/v2\/pages\/749"}],"collection":[{"href":"https:\/\/oskarsguld.se\/index.php\/wp-json\/wp\/v2\/pages"}],"about":[{"href":"https:\/\/oskarsguld.se\/index.php\/wp-json\/wp\/v2\/types\/page"}],"author":[{"embeddable":true,"href":"https:\/\/oskarsguld.se\/index.php\/wp-json\/wp\/v2\/users\/2"}],"replies":[{"embeddable":true,"href":"https:\/\/oskarsguld.se\/index.php\/wp-json\/wp\/v2\/comments?post=749"}],"version-history":[{"count":29,"href":"https:\/\/oskarsguld.se\/index.php\/wp-json\/wp\/v2\/pages\/749\/revisions"}],"predecessor-version":[{"id":965,"href":"https:\/\/oskarsguld.se\/index.php\/wp-json\/wp\/v2\/pages\/749\/revisions\/965"}],"wp:attachment":[{"href":"https:\/\/oskarsguld.se\/index.php\/wp-json\/wp\/v2\/media?parent=749"}],"curies":[{"name":"wp","href":"https:\/\/api.w.org\/{rel}","templated":true}]}}