{"id":10,"date":"2017-06-10T08:24:41","date_gmt":"2017-06-10T08:24:41","guid":{"rendered":"http:\/\/xtratheme.combarber\/?page_id=6"},"modified":"2019-07-26T12:13:42","modified_gmt":"2019-07-26T10:13:42","slug":"om-oss","status":"publish","type":"page","link":"https:\/\/oskarsguld.se\/index.php\/om-oss\/","title":{"rendered":"Om oss"},"content":{"rendered":"<section class=\"wpb-content-wrapper\"><p>[vc_row css=&#8221;.vc_custom_1516702470147{padding-top: 30px !important;padding-bottom: 30px !important;}&#8221;][vc_column width=&#8221;1\/2&#8243;]<div id=\"cz_110684\" class=\"cz_110684 cz_title clr cz_mobile_text_center cz_title_pos_inline wpb_animate_when_almost_visible fadeInLeft\"><div class=\"cz_title_content\"><span class=\"cz_line_side_solo\">_<\/span><div class=\"cz_wpe_content\"><h3>Om oss<\/h3>\n<\/div><\/div><\/div><div class=\"cz_gap clr \" style=\"height: 70px\"><\/div>[vc_column_text css_animation=&#8221;fadeInUp&#8221;]<\/p>\n<p style=\"text-align: justify;\">V\u00e4lkommen till Oskars guld, din personliga juvelerare. Oskars guld har funnits i \u00f6ver 20\u00e5r i Gamla stan. Vi har hj\u00e4lpt tusentals kunder \u00f6ver \u00e5ren och l\u00e4mnar ingen missn\u00f6jd. Vi \u00e4r guldsmeder och gemmologer med gedigen erfarenhet och kunskap. Dem flesta som bes\u00f6ker oss \u00e4r ute efter n\u00e5got dem kan b\u00e4ra hela livet. Det kan vara allt fr\u00e5n en f\u00f6rlovningsring till ett enkelt smycke som ska b\u00e4ras till vardags.<\/p>\n<p>N\u00e4r ni \u00e4r ute efter diamanter eller diamantringar s\u00e5 kan du r\u00e4kna med att vi har utbudet och ett konkurrenskraftigt pris. V\u00e5ra diamanter v\u00e4ljs utifr\u00e5n de \u00f6nskem\u00e5l du har. Ringen skapas d\u00e4refter unikt f\u00f6r er. \u00a0Ni som v\u00e4ljer oss kommer garanterat att f\u00e5 en oslagbar service och ett oslagbart pris. Bes\u00f6k oss s\u00e5\u00a0 ber\u00e4ttar vi mer![\/vc_column_text][\/vc_column][vc_column width=&#8221;1\/2&#8243;]<div id=\"cz_101861\" class=\"cz_101861 cz_image clr cz_image_no_fx center_on_mobile\"><div class=\"\" ><div class=\"cz_image_in\" data-tilt><div class=\"cz_main_image\"><img width=\"579\" height=\"386\" src=\"data:image\/svg+xml,%3Csvg%20xmlns%3D&#39;http%3A%2F%2Fwww.w3.org%2F2000%2Fsvg&#39;%20width=&#39;579&#39;%20height=&#39;386&#39;%20viewBox%3D&#39;0%200%20579%20386&#39;%2F%3E\" data-czlz data-src=\"https:\/\/oskarsguld.se\/wp-content\/uploads\/2019\/07\/Ska\u0308rmavbild-2019-07-26-kl.-12.12.51.png\" class=\"attachment-full\" alt=\"\" decoding=\"async\" title=\"Ska\u0308rmavbild 2019-07-26 kl. 12.12.51\" data-srcset=\"https:\/\/oskarsguld.se\/wp-content\/uploads\/2019\/07\/Ska\u0308rmavbild-2019-07-26-kl.-12.12.51.png 579w, https:\/\/oskarsguld.se\/wp-content\/uploads\/2019\/07\/Ska\u0308rmavbild-2019-07-26-kl.-12.12.51-300x200.png 300w\" data-sizes=\"(max-width: 579px) 100vw, 579px\" \/><\/div><\/div><\/div><\/div>[\/vc_column][\/vc_row]<\/p>\n<\/section>","protected":false},"excerpt":{"rendered":"<p>[vc_row css=&#8221;.vc_custom_1516702470147{padding-top: 30px !important;padding-bottom: 30px !important;}&#8221;][vc_column width=&#8221;1\/2&#8243;][vc_column_text css_animation=&#8221;fadeInUp&#8221;] V\u00e4lkommen till Oskars &#8230; <\/p>\n","protected":false},"author":2,"featured_media":0,"parent":0,"menu_order":0,"comment_status":"closed","ping_status":"closed","template":"","meta":[],"_links":{"self":[{"href":"https:\/\/oskarsguld.se\/index.php\/wp-json\/wp\/v2\/pages\/10"}],"collection":[{"href":"https:\/\/oskarsguld.se\/index.php\/wp-json\/wp\/v2\/pages"}],"about":[{"href":"https:\/\/oskarsguld.se\/index.php\/wp-json\/wp\/v2\/types\/page"}],"author":[{"embeddable":true,"href":"https:\/\/oskarsguld.se\/index.php\/wp-json\/wp\/v2\/users\/2"}],"replies":[{"embeddable":true,"href":"https:\/\/oskarsguld.se\/index.php\/wp-json\/wp\/v2\/comments?post=10"}],"version-history":[{"count":3,"href":"https:\/\/oskarsguld.se\/index.php\/wp-json\/wp\/v2\/pages\/10\/revisions"}],"predecessor-version":[{"id":959,"href":"https:\/\/oskarsguld.se\/index.php\/wp-json\/wp\/v2\/pages\/10\/revisions\/959"}],"wp:attachment":[{"href":"https:\/\/oskarsguld.se\/index.php\/wp-json\/wp\/v2\/media?parent=10"}],"curies":[{"name":"wp","href":"https:\/\/api.w.org\/{rel}","templated":true}]}}